{"id":43,"date":"2017-10-06T15:14:13","date_gmt":"2017-10-06T15:14:13","guid":{"rendered":"https:\/\/exclusivecars.es\/en\/?page_id=43"},"modified":"2020-01-17T09:12:19","modified_gmt":"2020-01-17T09:12:19","slug":"any-doubts","status":"publish","type":"page","link":"https:\/\/exclusivecars.es\/en\/any-doubts\/","title":{"rendered":"Any doubts?"},"content":{"rendered":"<div id=\"accordion\"><h3><a href=\"\">Can I pay by credit card?<\/a><\/h3><div><p>Yes, if you request in advance to pay by card the driver will have a credit card machine in the car.<\/p>\n<\/div><h3><a href=\"\">We would like to organize an event with 1500 participants. Can you help us with the transfers?<\/a><\/h3><div><p class=\"normal\" style=\"margin-left: 18.0pt;\"><span lang=\"es\">Yes, we can arrange standard cars, Mercedes E-Class, Mercedes S-Class, minivan with 7 seats, vans with 15 seats and coaches with up to 62 seats. We are able to help you with any kind of passenger transportation, all from one single source, without the need to contract different companies. Tell us what you need and we will take care of everything.<\/span><\/p>\n<\/div><h3><a href=\"\">Where are your services available?<\/a><\/h3><div><p>Our services are available in Valencia, Madrid, Alicante, Castell\u00f3n, Murcia, Cartagena,\u00a0 Barcelona, Zaragoza, Sevilla, M\u00e1laga, C\u00f3rdoba, A Coru\u00f1a,\u00a0 Asturias, Vigo, Valladolid, Pamplona, Bilbao and San Sebasti\u00e1n.<\/p>\n<\/div><h3><a href=\"\">What does \u2018At-your-Service\u2019 mean?<\/a><\/h3><div><p class=\"normal\"><span lang=\"es\">At-your-Service means that both the chauffeur and the car will be available within a certain time frame. You can use them for any kind of transfer that you consider necessary.<\/span><\/p>\n<\/div><h3><a href=\"\">What kind of insurance do the cars have?<\/a><\/h3><div><p class=\"normal\"><span lang=\"es\">As a ground transportation company with special VTC-authorisations we contracted a civil liability insurance of 50 Mio Euros, as requiered by law. <\/span><\/p>\n<\/div><h3><a href=\"\">Do the chauffeurs speak foreign languages?<\/a><\/h3><div><p class=\"normal\"><span lang=\"es\">We have english- and french-speaking chauffeurs at your disposal.<\/span><\/p>\n<\/div><h3><a href=\"\">Do the chauffeurs wear a uniform?<\/a><\/h3><div><p class=\"normal\"><span lang=\"es\">Yes, the chauffeurs wear a black suit with white shirt and tie.<\/span><\/p>\n<\/div><h3><a href=\"\">Do the transfers include any kind of refreshment, water or other drink?<\/a><\/h3><div><p class=\"normal\"><span lang=\"es\">All our transferrs include water, Kleenex and refreshment towels.<\/span><\/p>\n<\/div><h3><a href=\"\">How do we find the driver if we get picked up at a hotel?<\/a><\/h3><div><p class=\"normal\"><span lang=\"es\">Our chauffeur will contact the front desk to get in touch with you. Please let the staff at the front desk know where you will be at the designated pick-up time.<\/span><\/p>\n<\/div><h3><a href=\"\">Where does the driver drop us off for our out-bound flight?<\/a><\/h3><div><p>He or she will drop you off at the departure terminal.<\/p>\n<\/div><\/div>\n","protected":false},"excerpt":{"rendered":"","protected":false},"author":4,"featured_media":126,"parent":0,"menu_order":0,"comment_status":"closed","ping_status":"closed","template":"","meta":{"footnotes":""},"_links":{"self":[{"href":"https:\/\/exclusivecars.es\/en\/wp-json\/wp\/v2\/pages\/43"}],"collection":[{"href":"https:\/\/exclusivecars.es\/en\/wp-json\/wp\/v2\/pages"}],"about":[{"href":"https:\/\/exclusivecars.es\/en\/wp-json\/wp\/v2\/types\/page"}],"author":[{"embeddable":true,"href":"https:\/\/exclusivecars.es\/en\/wp-json\/wp\/v2\/users\/4"}],"replies":[{"embeddable":true,"href":"https:\/\/exclusivecars.es\/en\/wp-json\/wp\/v2\/comments?post=43"}],"version-history":[{"count":13,"href":"https:\/\/exclusivecars.es\/en\/wp-json\/wp\/v2\/pages\/43\/revisions"}],"predecessor-version":[{"id":3993,"href":"https:\/\/exclusivecars.es\/en\/wp-json\/wp\/v2\/pages\/43\/revisions\/3993"}],"wp:featuredmedia":[{"embeddable":true,"href":"https:\/\/exclusivecars.es\/en\/wp-json\/wp\/v2\/media\/126"}],"wp:attachment":[{"href":"https:\/\/exclusivecars.es\/en\/wp-json\/wp\/v2\/media?parent=43"}],"curies":[{"name":"wp","href":"https:\/\/api.w.org\/{rel}","templated":true}]}}