{"id":45,"date":"2017-10-06T15:14:37","date_gmt":"2017-10-06T15:14:37","guid":{"rendered":"https:\/\/exclusivecars.es\/en\/?page_id=45"},"modified":"2020-05-04T14:10:31","modified_gmt":"2020-05-04T14:10:31","slug":"about-us","status":"publish","type":"page","link":"https:\/\/exclusivecars.es\/en\/about-us\/","title":{"rendered":"About us"},"content":{"rendered":"<h2>#BeExclusive<\/h2>\n<div class=\"two-columns\">\n<div class=\"columna1 beexclusive\">\n<p class=\"normal\"><span lang=\"es\">Exclusive Cars is exactly what you are looking for if you need any kind of transfer and you want to be perfectly taken care of, down to the very last detail. Our business is ground transportation. Apart from our own car fleet with chauffeur service we can offer any kind of car, no matter which size or seat capacity (luxur cars, limousines, Rolls Royce, VIP coaches etc.)<\/span><\/p>\n<\/div>\n<div class=\"columna2 beexclusive\">\n<p>After a very succesful start in Valencia (where our business partners are, among others, big DMCs, OPCs, convention and hotel companies, airlines, sports teams, PBS and private TV channels) we were able to expand our VIP transfer company to other cities like Alicante, Castell\u00f3n, Madrid, Barcelona, Murcia, Sevilla, M\u00e1laga, Almer\u00eda,\u00a0\u00a0 A Coru\u00f1a, Bilbao, San Sebasti\u00e1n, Le\u00f3n or Valladolid.<\/p>\n<\/div>\n<\/div>\n<p><a class=\"dossier\" href=\"https:\/\/exclusivecars.es\/en\/wp-content\/uploads\/2017\/12\/Exclusive_keynote_14dic2017.pdf\"><i class=\"fa fa-download\"><\/i>Download Exclusive Cars presentation<\/a><\/p>\n<p>&nbsp;<\/p>\n","protected":false},"excerpt":{"rendered":"<p>#BeExclusive Exclusive Cars is exactly what you are looking for if you need any kind of transfer and you want to be perfectly taken care of, down to the very last detail. Our business is ground transportation. Apart from our own car fleet with chauffeur service we can offer any kind of car, no matter &hellip; <\/p>\n<p class=\"link-more\"><a href=\"https:\/\/exclusivecars.es\/en\/about-us\/\" class=\"more-link\">Continuar leyendo<span class=\"screen-reader-text\"> \u00abAbout us\u00bb<\/span><\/a><\/p>\n","protected":false},"author":4,"featured_media":65,"parent":0,"menu_order":0,"comment_status":"closed","ping_status":"closed","template":"","meta":{"footnotes":""},"_links":{"self":[{"href":"https:\/\/exclusivecars.es\/en\/wp-json\/wp\/v2\/pages\/45"}],"collection":[{"href":"https:\/\/exclusivecars.es\/en\/wp-json\/wp\/v2\/pages"}],"about":[{"href":"https:\/\/exclusivecars.es\/en\/wp-json\/wp\/v2\/types\/page"}],"author":[{"embeddable":true,"href":"https:\/\/exclusivecars.es\/en\/wp-json\/wp\/v2\/users\/4"}],"replies":[{"embeddable":true,"href":"https:\/\/exclusivecars.es\/en\/wp-json\/wp\/v2\/comments?post=45"}],"version-history":[{"count":9,"href":"https:\/\/exclusivecars.es\/en\/wp-json\/wp\/v2\/pages\/45\/revisions"}],"predecessor-version":[{"id":4052,"href":"https:\/\/exclusivecars.es\/en\/wp-json\/wp\/v2\/pages\/45\/revisions\/4052"}],"wp:featuredmedia":[{"embeddable":true,"href":"https:\/\/exclusivecars.es\/en\/wp-json\/wp\/v2\/media\/65"}],"wp:attachment":[{"href":"https:\/\/exclusivecars.es\/en\/wp-json\/wp\/v2\/media?parent=45"}],"curies":[{"name":"wp","href":"https:\/\/api.w.org\/{rel}","templated":true}]}}