{"id":50,"date":"2017-10-06T15:15:25","date_gmt":"2017-10-06T15:15:25","guid":{"rendered":"https:\/\/exclusivecars.es\/en\/?page_id=50"},"modified":"2020-02-26T12:22:38","modified_gmt":"2020-02-26T12:22:38","slug":"contact","status":"publish","type":"page","link":"https:\/\/exclusivecars.es\/en\/contact\/","title":{"rendered":"Contact"},"content":{"rendered":"<p id=\"hablamos\" style=\"max-width: 500px; text-align: center;\">We speak? We are in Valencia, Alicante, Castell\u00f3n, Madrid, Barcelona, Murcia, Sevilla, M\u00e1laga, Almer\u00eda, A Coru\u00f1a, Bilbao, San Sebasti\u00e1n, Le\u00f3n, Valladolid and Tenerife.<br \/>\nTel.96 333 87 50<\/p>\n<p style=\"text-align: center;\"><img loading=\"lazy\" decoding=\"async\" class=\"alignnone size-full wp-image-2240\" src=\"https:\/\/exclusivecars.es\/en\/wp-content\/uploads\/2018\/11\/mapaExclusive-nov2018.png\" alt=\"Contact 0\" width=\"518\" height=\"419\" srcset=\"https:\/\/exclusivecars.es\/en\/wp-content\/uploads\/2018\/11\/mapaExclusive-nov2018.png 518w, https:\/\/exclusivecars.es\/en\/wp-content\/uploads\/2018\/11\/mapaExclusive-nov2018-300x243.png 300w\" sizes=\"(max-width: 518px) 100vw, 518px\" \/><\/p>\n<p style=\"text-align: center;\">\n<div class=\"wpcf7 no-js\" id=\"wpcf7-f708-o1\" lang=\"es-ES\" dir=\"ltr\">\n<div class=\"screen-reader-response\"><p role=\"status\" aria-live=\"polite\" aria-atomic=\"true\"><\/p> <ul><\/ul><\/div>\n<form action=\"\/en\/wp-json\/wp\/v2\/pages\/50#wpcf7-f708-o1\" method=\"post\" class=\"wpcf7-form init\" aria-label=\"Formulario de contacto\" novalidate=\"novalidate\" data-status=\"init\">\n<div style=\"display: none;\">\n<input type=\"hidden\" name=\"_wpcf7\" value=\"708\" \/>\n<input type=\"hidden\" name=\"_wpcf7_version\" value=\"5.9.8\" \/>\n<input type=\"hidden\" name=\"_wpcf7_locale\" value=\"es_ES\" \/>\n<input type=\"hidden\" name=\"_wpcf7_unit_tag\" value=\"wpcf7-f708-o1\" \/>\n<input type=\"hidden\" name=\"_wpcf7_container_post\" value=\"0\" \/>\n<input type=\"hidden\" name=\"_wpcf7_posted_data_hash\" value=\"\" \/>\n<\/div>\n<p>Please do not hesitate to contact us with any request or question you might have, by phone, e-mail or by filling in the following contact form:\n<\/p>\n<p><span class=\"wpcf7-form-control-wrap\" data-name=\"your-name\"><input size=\"40\" maxlength=\"400\" class=\"wpcf7-form-control wpcf7-text wpcf7-validates-as-required\" aria-required=\"true\" aria-invalid=\"false\" value=\"Name\" type=\"text\" name=\"your-name\" \/><\/span><span class=\"wpcf7-form-control-wrap\" data-name=\"ciudad\"><input size=\"40\" maxlength=\"400\" class=\"wpcf7-form-control wpcf7-text wpcf7-validates-as-required\" aria-required=\"true\" aria-invalid=\"false\" value=\"City\" type=\"text\" name=\"ciudad\" \/><\/span><span class=\"wpcf7-form-control-wrap\" data-name=\"your-email\"><input size=\"40\" maxlength=\"400\" class=\"wpcf7-form-control wpcf7-email wpcf7-validates-as-required wpcf7-text wpcf7-validates-as-email\" aria-required=\"true\" aria-invalid=\"false\" value=\"Email\" type=\"email\" name=\"your-email\" \/><\/span><span class=\"wpcf7-form-control-wrap\" data-name=\"telefono\"><input size=\"40\" maxlength=\"400\" class=\"wpcf7-form-control wpcf7-tel wpcf7-validates-as-required wpcf7-text wpcf7-validates-as-tel\" aria-required=\"true\" aria-invalid=\"false\" value=\"Phone\" type=\"tel\" name=\"telefono\" \/><\/span><span class=\"wpcf7-form-control-wrap\" data-name=\"your-subject\"><input size=\"40\" maxlength=\"400\" class=\"wpcf7-form-control wpcf7-text\" aria-invalid=\"false\" value=\"Subject\" type=\"text\" name=\"your-subject\" \/><\/span><span class=\"wpcf7-form-control-wrap\" data-name=\"your-message\"><textarea cols=\"40\" rows=\"10\" maxlength=\"2000\" class=\"wpcf7-form-control wpcf7-textarea\" aria-invalid=\"false\" name=\"your-message\">Message<\/textarea><\/span><span class=\"wpcf7-form-control-wrap kc_captcha\" data-name=\"kc_captcha\"><span class=\"wpcf7-form-control wpcf7-radio\"><span class=\"captcha-image\" ><span class=\"cf7ic_instructions\">Por favor, prueba que eres humano seleccionando el<span> casa<\/span>.<\/span><label><input aria-label=\"1\" type=\"radio\" name=\"kc_captcha\" value=\"kc_human\" \/><svg aria-hidden=\"true\" role=\"img\" xmlns=\"http:\/\/www.w3.org\/2000\/svg\" viewBox=\"0 0 576 512\"><path fill=\"currentColor\" d=\"M488 313v143c0 13-11 24-24 24H348c-7 0-12-5-12-12V356c0-7-5-12-12-12h-72c-7 0-12 5-12 12v112c0 7-5 12-12 12H112c-13 0-24-11-24-24V313c0-4 2-7 4-10l188-154c5-4 11-4 16 0l188 154c2 3 4 6 4 10zm84-61l-84-69V44c0-6-5-12-12-12h-56c-7 0-12 6-12 12v73l-89-74a48 48 0 00-61 0L4 252c-5 4-5 12-1 17l25 31c5 5 12 5 17 1l235-193c5-4 11-4 16 0l235 193c5 5 13 4 17-1l25-31c4-6 4-13-1-17z\"\/><\/svg><\/label><label><input aria-label=\"2\" type=\"radio\" name=\"kc_captcha\" value=\"bot\" \/><svg aria-hidden=\"true\" role=\"img\" xmlns=\"http:\/\/www.w3.org\/2000\/svg\" viewBox=\"0 0 512 512\"><path fill=\"currentColor\" d=\"M350 99c-54 0-98-35-166-35-25 0-47 4-68 12a56 56 0 004-24C118 24 95 1 66 0a56 56 0 00-34 102v386c0 13 11 24 24 24h16c13 0 24-11 24-24v-94c28-12 64-23 114-23 54 0 98 35 166 35 48 0 86-16 122-41 9-6 14-15 14-26V96c0-23-24-39-45-29-35 16-77 32-117 32z\"\/><\/svg><\/label><label><input aria-label=\"3\" type=\"radio\" name=\"kc_captcha\" value=\"bot\" \/><svg aria-hidden=\"true\" role=\"img\" xmlns=\"http:\/\/www.w3.org\/2000\/svg\" viewBox=\"0 0 384 512\"><path fill=\"currentColor\" d=\"M377 375l-83-87h34c21 0 32-25 17-40l-82-88h33c21 0 32-25 18-40L210 8c-10-11-26-11-36 0L70 120c-14 15-3 40 18 40h33l-82 88c-15 15-4 40 17 40h34L7 375c-15 16-4 41 17 41h120c0 33-11 49-34 68-12 9-5 28 10 28h144c15 0 22-19 10-28-20-16-34-32-34-68h120c21 0 32-25 17-41z\"\/><\/svg><\/label>\r\n    <\/span>\r\n    <span style=\"display:none\">\r\n        <input type=\"text\" name=\"kc_honeypot\">\r\n    <\/span><\/span><\/span>\n<\/p>\n<div class=\"enviar\">\n\t<p><i class=\"fa fa-paper-plane-o\" aria-hidden=\"true\"><\/i><input class=\"wpcf7-form-control wpcf7-submit has-spinner\" type=\"submit\" value=\"Send\" \/>\n\t<\/p>\n<\/div><div class=\"wpcf7-response-output\" aria-hidden=\"true\"><\/div>\n<\/form>\n<\/div>\n<\/p>\n<div class=\"clear\"><\/div>\n","protected":false},"excerpt":{"rendered":"<p>We speak? We are in Valencia, Alicante, Castell\u00f3n, Madrid, Barcelona, Murcia, Sevilla, M\u00e1laga, Almer\u00eda, A Coru\u00f1a, Bilbao, San Sebasti\u00e1n, Le\u00f3n, Valladolid and Tenerife. Tel.96 333 87 50<\/p>\n","protected":false},"author":4,"featured_media":51,"parent":0,"menu_order":0,"comment_status":"closed","ping_status":"closed","template":"","meta":{"footnotes":""},"_links":{"self":[{"href":"https:\/\/exclusivecars.es\/en\/wp-json\/wp\/v2\/pages\/50"}],"collection":[{"href":"https:\/\/exclusivecars.es\/en\/wp-json\/wp\/v2\/pages"}],"about":[{"href":"https:\/\/exclusivecars.es\/en\/wp-json\/wp\/v2\/types\/page"}],"author":[{"embeddable":true,"href":"https:\/\/exclusivecars.es\/en\/wp-json\/wp\/v2\/users\/4"}],"replies":[{"embeddable":true,"href":"https:\/\/exclusivecars.es\/en\/wp-json\/wp\/v2\/comments?post=50"}],"version-history":[{"count":36,"href":"https:\/\/exclusivecars.es\/en\/wp-json\/wp\/v2\/pages\/50\/revisions"}],"predecessor-version":[{"id":4023,"href":"https:\/\/exclusivecars.es\/en\/wp-json\/wp\/v2\/pages\/50\/revisions\/4023"}],"wp:featuredmedia":[{"embeddable":true,"href":"https:\/\/exclusivecars.es\/en\/wp-json\/wp\/v2\/media\/51"}],"wp:attachment":[{"href":"https:\/\/exclusivecars.es\/en\/wp-json\/wp\/v2\/media?parent=50"}],"curies":[{"name":"wp","href":"https:\/\/api.w.org\/{rel}","templated":true}]}}